{"id":20343,"date":"2023-04-14T23:16:50","date_gmt":"2023-04-14T20:16:50","guid":{"rendered":"https:\/\/www.ccmboutique.ro\/?post_type=product&#038;p=20343"},"modified":"2024-10-02T21:58:25","modified_gmt":"2024-10-02T18:58:25","slug":"deziree-blouse","status":"publish","type":"product","link":"https:\/\/www.ccmboutique.ro\/ro\/shop\/deziree-blouse\/","title":{"rendered":"Bluz\u0103 DEZIREE"},"content":{"rendered":"","protected":false},"excerpt":{"rendered":"<p class=\"p1\">Vibra\u021bii sportive.<\/p>\n<p class=\"p1\">\u00cembr\u0103c\u0103minte premium de \u00eenalt\u0103 calitate care poate fi purtat\u0103 at\u00e2t \u00een sala de sport, c\u00e2t \u0219i \u00een afara ei, conceput\u0103 pentru a v\u0103 men\u021bine cool \u0219i elegant.<\/p>\n<p>  Pentru comenzi \u0219i informa\u021bii suplimentare, ne pute\u021bi contacta telefonic la 0040766914884 0040766914901.<\/p>\n","protected":false},"featured_media":5534372,"comment_status":"closed","ping_status":"closed","template":"","meta":[],"product_cat":[458,457],"product_tag":[],"class_list":["post-20343","product","type-product","status-publish","has-post-thumbnail","hentry","product_cat-bluze-2","product_cat-fitness-2"],"acf":[],"_links":{"self":[{"href":"https:\/\/www.ccmboutique.ro\/ro\/wp-json\/wp\/v2\/product\/20343","targetHints":{"allow":["GET"]}}],"collection":[{"href":"https:\/\/www.ccmboutique.ro\/ro\/wp-json\/wp\/v2\/product"}],"about":[{"href":"https:\/\/www.ccmboutique.ro\/ro\/wp-json\/wp\/v2\/types\/product"}],"replies":[{"embeddable":true,"href":"https:\/\/www.ccmboutique.ro\/ro\/wp-json\/wp\/v2\/comments?post=20343"}],"version-history":[{"count":2,"href":"https:\/\/www.ccmboutique.ro\/ro\/wp-json\/wp\/v2\/product\/20343\/revisions"}],"predecessor-version":[{"id":5538369,"href":"https:\/\/www.ccmboutique.ro\/ro\/wp-json\/wp\/v2\/product\/20343\/revisions\/5538369"}],"wp:featuredmedia":[{"embeddable":true,"href":"https:\/\/www.ccmboutique.ro\/ro\/wp-json\/wp\/v2\/media\/5534372"}],"wp:attachment":[{"href":"https:\/\/www.ccmboutique.ro\/ro\/wp-json\/wp\/v2\/media?parent=20343"}],"wp:term":[{"taxonomy":"product_cat","embeddable":true,"href":"https:\/\/www.ccmboutique.ro\/ro\/wp-json\/wp\/v2\/product_cat?post=20343"},{"taxonomy":"product_tag","embeddable":true,"href":"https:\/\/www.ccmboutique.ro\/ro\/wp-json\/wp\/v2\/product_tag?post=20343"}],"curies":[{"name":"wp","href":"https:\/\/api.w.org\/{rel}","templated":true}]}}