{"id":20034,"date":"2023-04-06T21:03:49","date_gmt":"2023-04-06T18:03:49","guid":{"rendered":"https:\/\/www.ccmboutique.ro\/?post_type=product&#038;p=20034"},"modified":"2024-02-20T16:44:32","modified_gmt":"2024-02-20T14:44:32","slug":"kelsie-studded-leather-jacket-2","status":"publish","type":"product","link":"https:\/\/www.ccmboutique.ro\/ro\/shop\/kelsie-studded-leather-jacket-2\/","title":{"rendered":"Jachet\u0103 KELSIE"},"content":{"rendered":"","protected":false},"excerpt":{"rendered":"<p class=\"p1\">Aceast\u0103 jachet\u0103 este un must have pentru garderoba ta \u0219i o op\u021biune uimitoare pentru dulapul t\u0103u.<\/p>\n<p class=\"p1\">V\u0103 pute\u021bi bucura de un serviciu privilegiat de croitorie individual\u0103. Jachetele vor fi fabricate exclusiv pentru dumneavoastr\u0103: de la modelul potrivit pentru silueta dumneavoastr\u0103 p\u00e2n\u0103 la ton \u0219i textura.<\/p>\n<p class=\"p1\">Un produs exclusivist va flata silueta \u0219i va reflecta stilul t\u0103u.<\/p>\n<p class=\"p1\">\u00cembr\u0103c\u0103minte din piele \u0219i accesorii confec\u021bionate \u00een atelierul nostru.<\/p>\n<p class=\"p1\">Fiecare produs este realizat manual cu 100% piele.<\/p>\n<p class=\"p1\">Ne propunem s\u0103 men\u021binem satisfac\u021bia clien\u021bilor la cel mai \u00eenalt nivel.<\/p>\n<p class=\"p1\">Handmade.<\/p>\n<p class=\"p1\"><span class=\"Apple-converted-space\">Clien\u021bii no\u0219tri, care doresc s\u0103 beneficieze de un serviciu de comand\u0103 personalizat, pot contacta magazinele noastre la numerele de telefon 0040766914884 \/ 0040766914901\u0219i vor primi produse care vor fi realizate cu meticulozitate pentru ei.<\/span><\/p>\n<p class=\"p1\">Ave\u021bi dreptul s\u0103 cere\u021bi excelen\u021b\u0103 de la noi, calitatea este un limbaj global!<\/p>\n<p class=\"p1\">Croitorii no\u0219tri experimenta\u021bi sunt preg\u0103ti\u021bi s\u0103 \u00eendeplineasc\u0103 cerin\u021bele personalizate ale clien\u021bilor no\u0219tri.<\/p>\n","protected":false},"featured_media":5534266,"comment_status":"closed","ping_status":"closed","template":"","meta":[],"product_cat":[444,453],"product_tag":[],"class_list":["post-20034","product","type-product","status-publish","has-post-thumbnail","hentry","product_cat-femei-2","product_cat-jachete-din-piele-naturala"],"acf":[],"_links":{"self":[{"href":"https:\/\/www.ccmboutique.ro\/ro\/wp-json\/wp\/v2\/product\/20034","targetHints":{"allow":["GET"]}}],"collection":[{"href":"https:\/\/www.ccmboutique.ro\/ro\/wp-json\/wp\/v2\/product"}],"about":[{"href":"https:\/\/www.ccmboutique.ro\/ro\/wp-json\/wp\/v2\/types\/product"}],"replies":[{"embeddable":true,"href":"https:\/\/www.ccmboutique.ro\/ro\/wp-json\/wp\/v2\/comments?post=20034"}],"version-history":[{"count":1,"href":"https:\/\/www.ccmboutique.ro\/ro\/wp-json\/wp\/v2\/product\/20034\/revisions"}],"predecessor-version":[{"id":5527328,"href":"https:\/\/www.ccmboutique.ro\/ro\/wp-json\/wp\/v2\/product\/20034\/revisions\/5527328"}],"wp:featuredmedia":[{"embeddable":true,"href":"https:\/\/www.ccmboutique.ro\/ro\/wp-json\/wp\/v2\/media\/5534266"}],"wp:attachment":[{"href":"https:\/\/www.ccmboutique.ro\/ro\/wp-json\/wp\/v2\/media?parent=20034"}],"wp:term":[{"taxonomy":"product_cat","embeddable":true,"href":"https:\/\/www.ccmboutique.ro\/ro\/wp-json\/wp\/v2\/product_cat?post=20034"},{"taxonomy":"product_tag","embeddable":true,"href":"https:\/\/www.ccmboutique.ro\/ro\/wp-json\/wp\/v2\/product_tag?post=20034"}],"curies":[{"name":"wp","href":"https:\/\/api.w.org\/{rel}","templated":true}]}}