{"id":19998,"date":"2023-04-06T20:20:54","date_gmt":"2023-04-06T17:20:54","guid":{"rendered":"https:\/\/www.ccmboutique.ro\/?post_type=product&#038;p=19998"},"modified":"2024-02-20T16:44:25","modified_gmt":"2024-02-20T14:44:25","slug":"oxum-silver-leather-jacket-2","status":"publish","type":"product","link":"https:\/\/www.ccmboutique.ro\/ro\/shop\/oxum-silver-leather-jacket-2\/","title":{"rendered":"Jachet\u0103 OXUM Silver"},"content":{"rendered":"","protected":false},"excerpt":{"rendered":"<p class=\"p1\">Prea cool : piele de miel, crocodil embosat<\/p>\n<p class=\"p1\">Ne propunem s\u0103 men\u021binem satisfac\u021bia clien\u021bilor la cel mai \u00eenalt nivel.<\/p>\n<p class=\"p1\"><span class=\"Apple-converted-space\">Clien\u021bii no\u0219tri, care doresc s\u0103 beneficieze de un serviciu de comand\u0103 personalizat, pot contacta magazinele noastre la numerele de telefon 0040766914884 \/ 0040766914901\u0219i vor primi produse care vor fi realizate cu meticulozitate pentru ei.<\/span><\/p>\n<p class=\"p1\">Ave\u021bi dreptul s\u0103 cere\u021bi excelen\u021b\u0103 de la noi, calitatea este un limbaj global!<\/p>\n<p class=\"p1\">Croitorii no\u0219tri experimenta\u021bi sunt preg\u0103ti\u021bi s\u0103 \u00eendeplineasc\u0103 cerin\u021bele personalizate ale clien\u021bilor no\u0219tri.<\/p>\n","protected":false},"featured_media":5534259,"comment_status":"closed","ping_status":"closed","template":"","meta":[],"product_cat":[444,453],"product_tag":[],"class_list":["post-19998","product","type-product","status-publish","has-post-thumbnail","hentry","product_cat-femei-2","product_cat-jachete-din-piele-naturala"],"acf":[],"_links":{"self":[{"href":"https:\/\/www.ccmboutique.ro\/ro\/wp-json\/wp\/v2\/product\/19998","targetHints":{"allow":["GET"]}}],"collection":[{"href":"https:\/\/www.ccmboutique.ro\/ro\/wp-json\/wp\/v2\/product"}],"about":[{"href":"https:\/\/www.ccmboutique.ro\/ro\/wp-json\/wp\/v2\/types\/product"}],"replies":[{"embeddable":true,"href":"https:\/\/www.ccmboutique.ro\/ro\/wp-json\/wp\/v2\/comments?post=19998"}],"version-history":[{"count":1,"href":"https:\/\/www.ccmboutique.ro\/ro\/wp-json\/wp\/v2\/product\/19998\/revisions"}],"predecessor-version":[{"id":5527321,"href":"https:\/\/www.ccmboutique.ro\/ro\/wp-json\/wp\/v2\/product\/19998\/revisions\/5527321"}],"wp:featuredmedia":[{"embeddable":true,"href":"https:\/\/www.ccmboutique.ro\/ro\/wp-json\/wp\/v2\/media\/5534259"}],"wp:attachment":[{"href":"https:\/\/www.ccmboutique.ro\/ro\/wp-json\/wp\/v2\/media?parent=19998"}],"wp:term":[{"taxonomy":"product_cat","embeddable":true,"href":"https:\/\/www.ccmboutique.ro\/ro\/wp-json\/wp\/v2\/product_cat?post=19998"},{"taxonomy":"product_tag","embeddable":true,"href":"https:\/\/www.ccmboutique.ro\/ro\/wp-json\/wp\/v2\/product_tag?post=19998"}],"curies":[{"name":"wp","href":"https:\/\/api.w.org\/{rel}","templated":true}]}}