{"id":19958,"date":"2023-04-06T20:00:00","date_gmt":"2023-04-06T17:00:00","guid":{"rendered":"https:\/\/www.ccmboutique.ro\/?post_type=product&#038;p=19958"},"modified":"2025-12-14T15:00:56","modified_gmt":"2025-12-14T13:00:56","slug":"martyna-white-python-jacket","status":"publish","type":"product","link":"https:\/\/www.ccmboutique.ro\/ro\/shop\/martyna-white-python-jacket\/","title":{"rendered":"Jachet\u0103 MARTYNA Python"},"content":{"rendered":"","protected":false},"excerpt":{"rendered":"<p>Geac\u0103 din piele exotic\u0103 de piton lucrat\u0103 manual, la comand\u0103, accesorizat\u0103 cu un guler deta\u0219abil din blan\u0103 naturala de vulpe.<\/p>\n<p>Este un model vestimentar foarte c\u0103lduros \u0219i practic, datorit\u0103 faptului c\u0103 blana este detasabila.<\/p>\n<p>Multe dintre modelele noastre sunt disponibile doar prin precomand\u0103 \u2013 create special pentru tine, nu produse \u00een serie.<\/p>\n<p>Detalii la alegere: culoare, materiale, nasturi, guler, buzunare.<\/p>\n<p>Croial\u0103 personalizat\u0103 pentru umeri, bust, talie, \u0219olduri \u0219i lungime.<\/p>\n<p>Jachetele vor fi fabricate exclusiv pentru tine.<\/p>\n<p>Odat\u0103 plasarea comenzii, piesa vestimentar\u0103 este rezervat\u0103, croit\u0103 \u0219i livrat\u0103 \u00een termen de 12-15 zile lucr\u0103toare.<\/p>\n<p>Consulta\u021bie individual\u0103 prin WhatsApp, imediat dup\u0103 plasarea comenzii.<\/p>\n","protected":false},"featured_media":5534251,"comment_status":"closed","ping_status":"closed","template":"","meta":[],"product_cat":[443,444,451],"product_tag":[],"class_list":["post-19958","product","type-product","status-publish","has-post-thumbnail","hentry","product_cat-editii-de-lux-2","product_cat-femei-2","product_cat-jachete-din-piele-de-piton"],"acf":[],"_links":{"self":[{"href":"https:\/\/www.ccmboutique.ro\/ro\/wp-json\/wp\/v2\/product\/19958","targetHints":{"allow":["GET"]}}],"collection":[{"href":"https:\/\/www.ccmboutique.ro\/ro\/wp-json\/wp\/v2\/product"}],"about":[{"href":"https:\/\/www.ccmboutique.ro\/ro\/wp-json\/wp\/v2\/types\/product"}],"replies":[{"embeddable":true,"href":"https:\/\/www.ccmboutique.ro\/ro\/wp-json\/wp\/v2\/comments?post=19958"}],"version-history":[{"count":2,"href":"https:\/\/www.ccmboutique.ro\/ro\/wp-json\/wp\/v2\/product\/19958\/revisions"}],"predecessor-version":[{"id":5542797,"href":"https:\/\/www.ccmboutique.ro\/ro\/wp-json\/wp\/v2\/product\/19958\/revisions\/5542797"}],"wp:featuredmedia":[{"embeddable":true,"href":"https:\/\/www.ccmboutique.ro\/ro\/wp-json\/wp\/v2\/media\/5534251"}],"wp:attachment":[{"href":"https:\/\/www.ccmboutique.ro\/ro\/wp-json\/wp\/v2\/media?parent=19958"}],"wp:term":[{"taxonomy":"product_cat","embeddable":true,"href":"https:\/\/www.ccmboutique.ro\/ro\/wp-json\/wp\/v2\/product_cat?post=19958"},{"taxonomy":"product_tag","embeddable":true,"href":"https:\/\/www.ccmboutique.ro\/ro\/wp-json\/wp\/v2\/product_tag?post=19958"}],"curies":[{"name":"wp","href":"https:\/\/api.w.org\/{rel}","templated":true}]}}