{"id":19938,"date":"2023-04-05T15:48:20","date_gmt":"2023-04-05T12:48:20","guid":{"rendered":"https:\/\/www.ccmboutique.ro\/?post_type=product&#038;p=19938"},"modified":"2026-01-26T20:42:53","modified_gmt":"2026-01-26T18:42:53","slug":"gia-green-python-jacket","status":"publish","type":"product","link":"https:\/\/www.ccmboutique.ro\/ro\/shop\/gia-green-python-jacket\/","title":{"rendered":"Jacheta GIA Green Python"},"content":{"rendered":"","protected":false},"excerpt":{"rendered":"<p>Geac\u0103 din piele exotic\u0103 de piton lucrat\u0103 manual, la comand\u0103, accesorizat\u0103 cu un guler deta\u0219abil din blan\u0103 de chinchilla royal.<\/p>\n<p>Este un model vestimentar foarte c\u0103lduros \u0219i practic, datorit\u0103 faptului c\u0103 blana este detasabila.<\/p>\n<p>Multe dintre modelele noastre sunt disponibile doar prin precomand\u0103 \u2013 create special pentru tine, nu produse \u00een serie.<\/p>\n<p>Detalii la alegere: culoare, materiale, fermoare, guler, buzunare.<\/p>\n<p>Croial\u0103 personalizat\u0103 pentru umeri, bust, talie, \u0219olduri \u0219i lungime.<\/p>\n<p>Jachetele vor fi fabricate exclusiv pentru tine.<\/p>\n<p class=\"tw-data-text tw-text-large tw-ta\" dir=\"ltr\" tabindex=\"-1\" role=\"text\" data-placeholder=\"Traducere\" data-ved=\"2ahUKEwjA-f2F956QAxVelP0HHWNFJSQQ3ewLegQICxAV\" aria-label=\"Text tradus: Handcrafted, every detail is carefully finished to provide a feminine, sophisticated and perfectly proportioned silhouette. Perfect for the woman who appreciates exclusivity and quality, this fur coat becomes the center of any appearance. Handmade to order. Production time: 7\u201314 working days. The product is made individually, according to your measurements. After placing the order, a CCM Boutique consultant will contact you to confirm the desired dimensions and details. Exclusive design and handmade execution. Natural materials of the highest quality. Each piece is unique, made especially for you.\"><span class=\"Y2IQFc\" lang=\"en\">Timp de produc\u021bie: 7\u201314 zile lucr\u0103toare.<\/span><\/p>\n<p>Dup\u0103 plasarea comenzii, un consultant CCM Boutique v\u0103 va contacta pentru a confirma dimensiunile \u0219i detaliile dorite.<\/p>\n","protected":false},"featured_media":5534247,"comment_status":"closed","ping_status":"closed","template":"","meta":[],"product_cat":[444,451],"product_tag":[],"class_list":["post-19938","product","type-product","status-publish","has-post-thumbnail","hentry","product_cat-femei-2","product_cat-jachete-din-piele-de-piton"],"acf":[],"_links":{"self":[{"href":"https:\/\/www.ccmboutique.ro\/ro\/wp-json\/wp\/v2\/product\/19938","targetHints":{"allow":["GET"]}}],"collection":[{"href":"https:\/\/www.ccmboutique.ro\/ro\/wp-json\/wp\/v2\/product"}],"about":[{"href":"https:\/\/www.ccmboutique.ro\/ro\/wp-json\/wp\/v2\/types\/product"}],"replies":[{"embeddable":true,"href":"https:\/\/www.ccmboutique.ro\/ro\/wp-json\/wp\/v2\/comments?post=19938"}],"version-history":[{"count":4,"href":"https:\/\/www.ccmboutique.ro\/ro\/wp-json\/wp\/v2\/product\/19938\/revisions"}],"predecessor-version":[{"id":5543289,"href":"https:\/\/www.ccmboutique.ro\/ro\/wp-json\/wp\/v2\/product\/19938\/revisions\/5543289"}],"wp:featuredmedia":[{"embeddable":true,"href":"https:\/\/www.ccmboutique.ro\/ro\/wp-json\/wp\/v2\/media\/5534247"}],"wp:attachment":[{"href":"https:\/\/www.ccmboutique.ro\/ro\/wp-json\/wp\/v2\/media?parent=19938"}],"wp:term":[{"taxonomy":"product_cat","embeddable":true,"href":"https:\/\/www.ccmboutique.ro\/ro\/wp-json\/wp\/v2\/product_cat?post=19938"},{"taxonomy":"product_tag","embeddable":true,"href":"https:\/\/www.ccmboutique.ro\/ro\/wp-json\/wp\/v2\/product_tag?post=19938"}],"curies":[{"name":"wp","href":"https:\/\/api.w.org\/{rel}","templated":true}]}}