{"id":19916,"date":"2023-04-03T02:39:43","date_gmt":"2023-04-02T23:39:43","guid":{"rendered":"https:\/\/www.ccmboutique.ro\/?post_type=product&#038;p=19916"},"modified":"2025-12-14T15:00:27","modified_gmt":"2025-12-14T13:00:27","slug":"shadiya-python-jacket","status":"publish","type":"product","link":"https:\/\/www.ccmboutique.ro\/ro\/shop\/shadiya-python-jacket\/","title":{"rendered":"Jachet\u0103 SHADIYA Python"},"content":{"rendered":"","protected":false},"excerpt":{"rendered":"<p>Geac\u0103 din piele exotic\u0103 de piton lucrat\u0103 manual, la comand\u0103.<\/p>\n<p>Multe dintre modelele noastre sunt disponibile doar prin precomand\u0103 \u2013 create special pentru tine, nu produse \u00een serie.<\/p>\n<p>Detalii la alegere: culoare, materiale, nasturi, guler, buzunare.<\/p>\n<p>Croial\u0103 personalizat\u0103 pentru umeri, bust, talie, \u0219olduri \u0219i lungime.<\/p>\n<p>Jachetele vor fi fabricate exclusiv pentru tine.<\/p>\n<p>Odat\u0103 plasarea comenzii, piesa vestimentar\u0103 este rezervat\u0103, croit\u0103 \u0219i livrat\u0103 \u00een termen de 12-15 zile lucr\u0103toare.<\/p>\n<p>Consulta\u021bie individual\u0103 prin WhatsApp, imediat dup\u0103 plasarea comenzii.<\/p>\n","protected":false},"featured_media":5534235,"comment_status":"closed","ping_status":"closed","template":"","meta":[],"product_cat":[444,451],"product_tag":[],"class_list":["post-19916","product","type-product","status-publish","has-post-thumbnail","hentry","product_cat-femei-2","product_cat-jachete-din-piele-de-piton"],"acf":[],"_links":{"self":[{"href":"https:\/\/www.ccmboutique.ro\/ro\/wp-json\/wp\/v2\/product\/19916","targetHints":{"allow":["GET"]}}],"collection":[{"href":"https:\/\/www.ccmboutique.ro\/ro\/wp-json\/wp\/v2\/product"}],"about":[{"href":"https:\/\/www.ccmboutique.ro\/ro\/wp-json\/wp\/v2\/types\/product"}],"replies":[{"embeddable":true,"href":"https:\/\/www.ccmboutique.ro\/ro\/wp-json\/wp\/v2\/comments?post=19916"}],"version-history":[{"count":2,"href":"https:\/\/www.ccmboutique.ro\/ro\/wp-json\/wp\/v2\/product\/19916\/revisions"}],"predecessor-version":[{"id":5542796,"href":"https:\/\/www.ccmboutique.ro\/ro\/wp-json\/wp\/v2\/product\/19916\/revisions\/5542796"}],"wp:featuredmedia":[{"embeddable":true,"href":"https:\/\/www.ccmboutique.ro\/ro\/wp-json\/wp\/v2\/media\/5534235"}],"wp:attachment":[{"href":"https:\/\/www.ccmboutique.ro\/ro\/wp-json\/wp\/v2\/media?parent=19916"}],"wp:term":[{"taxonomy":"product_cat","embeddable":true,"href":"https:\/\/www.ccmboutique.ro\/ro\/wp-json\/wp\/v2\/product_cat?post=19916"},{"taxonomy":"product_tag","embeddable":true,"href":"https:\/\/www.ccmboutique.ro\/ro\/wp-json\/wp\/v2\/product_tag?post=19916"}],"curies":[{"name":"wp","href":"https:\/\/api.w.org\/{rel}","templated":true}]}}