{"id":19650,"date":"2023-03-31T12:30:05","date_gmt":"2023-03-31T09:30:05","guid":{"rendered":"https:\/\/www.ccmboutique.ro\/?post_type=product&#038;p=19650"},"modified":"2024-10-02T21:52:38","modified_gmt":"2024-10-02T18:52:38","slug":"deb-zipper-top","status":"publish","type":"product","link":"https:\/\/www.ccmboutique.ro\/ro\/shop\/deb-zipper-top\/","title":{"rendered":"Bustiera Deb"},"content":{"rendered":"","protected":false},"excerpt":{"rendered":"<p class=\"p1\">\u00cembr\u0103c\u0103minte premium de \u00eenalt\u0103 calitate care poate fi purtat\u0103 at\u00e2t \u00een sala de sport, c\u00e2t \u0219i \u00een afara ei, conceput\u0103 pentru a v\u0103 men\u021bine cool \u0219i elegant.<\/p>\n<p>  Materiale de calitate premium 100%. \u021aes\u0103turi care respir\u0103, tipare potrivite \u0219i piese colorate. Pentru comenzi si mai multe detalii despre culori , preturi si alte modele, ne puteti contacta la nr de tel : 0040766914884 \/ 0040766914901.<\/p>\n","protected":false},"featured_media":5534176,"comment_status":"closed","ping_status":"closed","template":"","meta":[],"product_cat":[459,457],"product_tag":[],"class_list":["post-19650","product","type-product","status-publish","has-post-thumbnail","hentry","product_cat-bustiere-2","product_cat-fitness-2"],"acf":[],"_links":{"self":[{"href":"https:\/\/www.ccmboutique.ro\/ro\/wp-json\/wp\/v2\/product\/19650","targetHints":{"allow":["GET"]}}],"collection":[{"href":"https:\/\/www.ccmboutique.ro\/ro\/wp-json\/wp\/v2\/product"}],"about":[{"href":"https:\/\/www.ccmboutique.ro\/ro\/wp-json\/wp\/v2\/types\/product"}],"replies":[{"embeddable":true,"href":"https:\/\/www.ccmboutique.ro\/ro\/wp-json\/wp\/v2\/comments?post=19650"}],"version-history":[{"count":2,"href":"https:\/\/www.ccmboutique.ro\/ro\/wp-json\/wp\/v2\/product\/19650\/revisions"}],"predecessor-version":[{"id":5538356,"href":"https:\/\/www.ccmboutique.ro\/ro\/wp-json\/wp\/v2\/product\/19650\/revisions\/5538356"}],"wp:featuredmedia":[{"embeddable":true,"href":"https:\/\/www.ccmboutique.ro\/ro\/wp-json\/wp\/v2\/media\/5534176"}],"wp:attachment":[{"href":"https:\/\/www.ccmboutique.ro\/ro\/wp-json\/wp\/v2\/media?parent=19650"}],"wp:term":[{"taxonomy":"product_cat","embeddable":true,"href":"https:\/\/www.ccmboutique.ro\/ro\/wp-json\/wp\/v2\/product_cat?post=19650"},{"taxonomy":"product_tag","embeddable":true,"href":"https:\/\/www.ccmboutique.ro\/ro\/wp-json\/wp\/v2\/product_tag?post=19650"}],"curies":[{"name":"wp","href":"https:\/\/api.w.org\/{rel}","templated":true}]}}