{"id":19611,"date":"2023-03-31T11:31:37","date_gmt":"2023-03-31T08:31:37","guid":{"rendered":"https:\/\/www.ccmboutique.ro\/?post_type=product&#038;p=19611"},"modified":"2024-04-04T21:09:22","modified_gmt":"2024-04-04T18:09:22","slug":"takara-exotic-leather-jacket","status":"publish","type":"product","link":"https:\/\/www.ccmboutique.ro\/ro\/shop\/takara-exotic-leather-jacket\/","title":{"rendered":"Jacheta TAKARA"},"content":{"rendered":"","protected":false},"excerpt":{"rendered":"<p class=\"p1\">Piele de piton exotica 100% autentic\u0103.<\/p>\n<p class=\"p1\">Fiecare produs este realizat manual cu piele natural\u0103 100%.<\/p>\n<p class=\"p1\">Colec\u021bia din piele exotica va introduce un stil atemporal \u00een garderoba ta.<\/p>\n<p>V\u0103 pute\u021bi bucura de un serviciu privilegiat de croitorie individual\u0103. Jachetele vor fi fabricate exclusiv pentru tine: de la modelul potrivit pentru silueta ta p\u00e2n\u0103 la tonul \u0219i textura materialelor. Un produs exclusivist va flata silueta \u0219i va reflecta stilul t\u0103u.<\/p>\n<p class=\"p1\">Pielea este o substan\u021b\u0103 natural\u0103 care poate avea granule, pori \u0219i vene. Poate ap\u0103rea decolorarea par\u021bial\u0103 a pielii. Grosimea pielii poate varia. Acestea sunt naturale \u0219i nu indic\u0103 defecte de fabrica\u021bie.<\/p>\n<p class=\"p1\">Pentru cur\u0103\u021bare, trimite\u021bi jacheta la un centru de cur\u0103\u021bare specializat.<\/p>\n<p class=\"p1\">Pentru un serviciu de comand\u0103 personalizat \u0219i mai multe detalii ne pute\u021bi contacta la numerele de telefon 0040766914884 \/ 0040766914901 \u0219i ve\u021bi avea produse care vor fi realizate cu minu\u021biozitate pentru dvs.<\/p>\n","protected":false},"featured_media":5534148,"comment_status":"closed","ping_status":"closed","template":"","meta":[],"product_cat":[436,439],"product_tag":[],"class_list":["post-19611","product","type-product","status-publish","has-post-thumbnail","hentry","product_cat-barbati-2","product_cat-jachete-din-piele-de-piton-2"],"acf":[],"_links":{"self":[{"href":"https:\/\/www.ccmboutique.ro\/ro\/wp-json\/wp\/v2\/product\/19611","targetHints":{"allow":["GET"]}}],"collection":[{"href":"https:\/\/www.ccmboutique.ro\/ro\/wp-json\/wp\/v2\/product"}],"about":[{"href":"https:\/\/www.ccmboutique.ro\/ro\/wp-json\/wp\/v2\/types\/product"}],"replies":[{"embeddable":true,"href":"https:\/\/www.ccmboutique.ro\/ro\/wp-json\/wp\/v2\/comments?post=19611"}],"version-history":[{"count":2,"href":"https:\/\/www.ccmboutique.ro\/ro\/wp-json\/wp\/v2\/product\/19611\/revisions"}],"predecessor-version":[{"id":5536670,"href":"https:\/\/www.ccmboutique.ro\/ro\/wp-json\/wp\/v2\/product\/19611\/revisions\/5536670"}],"wp:featuredmedia":[{"embeddable":true,"href":"https:\/\/www.ccmboutique.ro\/ro\/wp-json\/wp\/v2\/media\/5534148"}],"wp:attachment":[{"href":"https:\/\/www.ccmboutique.ro\/ro\/wp-json\/wp\/v2\/media?parent=19611"}],"wp:term":[{"taxonomy":"product_cat","embeddable":true,"href":"https:\/\/www.ccmboutique.ro\/ro\/wp-json\/wp\/v2\/product_cat?post=19611"},{"taxonomy":"product_tag","embeddable":true,"href":"https:\/\/www.ccmboutique.ro\/ro\/wp-json\/wp\/v2\/product_tag?post=19611"}],"curies":[{"name":"wp","href":"https:\/\/api.w.org\/{rel}","templated":true}]}}