{"id":19584,"date":"2023-03-27T20:04:38","date_gmt":"2023-03-27T17:04:38","guid":{"rendered":"https:\/\/www.ccmboutique.ro\/?post_type=product&#038;p=19584"},"modified":"2024-02-20T16:41:36","modified_gmt":"2024-02-20T14:41:36","slug":"nicolo-blue-bomber-jacket-2","status":"publish","type":"product","link":"https:\/\/www.ccmboutique.ro\/ro\/shop\/nicolo-blue-bomber-jacket-2\/","title":{"rendered":"Jacheta Bomber NICOLO Blue"},"content":{"rendered":"","protected":false},"excerpt":{"rendered":"<p>Colec\u021bia de piele exotic\u0103 pentru b\u0103rba\u021bi CCM va introduce un stil atemporal \u00een garderoba ta.<\/p>\n<p class=\"p1\">Piele autentic\u0103 de miel si piton 100% naturala.<\/p>\n<p class=\"p1\">Fiecare produs este realizat manual cu piele natural\u0103 100%.<\/p>\n<p class=\"p1\">Aceast\u0103 jachet\u0103 bomber are un strat de confort, stil \u0219i practicitate care se potrive\u0219te cu orice \u021binut\u0103 de zi cu zi.<\/p>\n<p class=\"p1\">Decolteul, m\u00e2necile \u0219i talia elastice ofer\u0103 at\u00e2t c\u0103ldur\u0103, c\u00e2t \u0219i suport pentru confort.<\/p>\n<ul>\n<li>Culoare : negru \u0219i albastru.<\/li>\n<li>Piele de piton.<\/li>\n<li>Guler rotund.<\/li>\n<li>Guler elastic, man\u0219ete \u0219i detalii \u00een talie.<\/li>\n<li>\u00cenchidere cu fermoar.<\/li>\n<li>Manoper\u0103 de \u00eenalt\u0103 calitate.<\/li>\n<\/ul>\n<p>V\u0103 pute\u021bi bucura de un serviciu privilegiat de croitorie individual\u0103. Jachetele vor fi fabricate exclusiv pentru tine: de la modelul potrivit pentru silueta ta p\u00e2n\u0103 la tonul \u0219i textura materialelor. Un produs exclusivist va flata silueta \u0219i va reflecta stilul t\u0103u.<\/p>\n<p class=\"p1\">Pielea este o substan\u021b\u0103 natural\u0103 care poate avea granule, pori \u0219i vene. Poate ap\u0103rea decolorarea par\u021bial\u0103 a pielii. Grosimea pielii poate varia. Acestea sunt naturale \u0219i nu indic\u0103 defecte de fabrica\u021bie.<\/p>\n<p class=\"p1\">Pentru cur\u0103\u021bare, trimite\u021bi jacheta la un centru de cur\u0103\u021bare specializat \u00een cur\u0103\u021barea pielii.<\/p>\n<p class=\"p1\">Pentru un serviciu de comand\u0103 personalizat \u0219i mai multe detalii ne pute\u021bi contacta la numerele de telefon 0040766914884 \/ 0040766914901 \u0219i ve\u021bi avea produse care vor fi realizate cu minu\u021biozitate pentru dvs.<\/p>\n","protected":false},"featured_media":5534123,"comment_status":"closed","ping_status":"closed","template":"","meta":[],"product_cat":[436,439],"product_tag":[],"class_list":["post-19584","product","type-product","status-publish","has-post-thumbnail","hentry","product_cat-barbati-2","product_cat-jachete-din-piele-de-piton-2"],"acf":[],"_links":{"self":[{"href":"https:\/\/www.ccmboutique.ro\/ro\/wp-json\/wp\/v2\/product\/19584","targetHints":{"allow":["GET"]}}],"collection":[{"href":"https:\/\/www.ccmboutique.ro\/ro\/wp-json\/wp\/v2\/product"}],"about":[{"href":"https:\/\/www.ccmboutique.ro\/ro\/wp-json\/wp\/v2\/types\/product"}],"replies":[{"embeddable":true,"href":"https:\/\/www.ccmboutique.ro\/ro\/wp-json\/wp\/v2\/comments?post=19584"}],"version-history":[{"count":1,"href":"https:\/\/www.ccmboutique.ro\/ro\/wp-json\/wp\/v2\/product\/19584\/revisions"}],"predecessor-version":[{"id":5527219,"href":"https:\/\/www.ccmboutique.ro\/ro\/wp-json\/wp\/v2\/product\/19584\/revisions\/5527219"}],"wp:featuredmedia":[{"embeddable":true,"href":"https:\/\/www.ccmboutique.ro\/ro\/wp-json\/wp\/v2\/media\/5534123"}],"wp:attachment":[{"href":"https:\/\/www.ccmboutique.ro\/ro\/wp-json\/wp\/v2\/media?parent=19584"}],"wp:term":[{"taxonomy":"product_cat","embeddable":true,"href":"https:\/\/www.ccmboutique.ro\/ro\/wp-json\/wp\/v2\/product_cat?post=19584"},{"taxonomy":"product_tag","embeddable":true,"href":"https:\/\/www.ccmboutique.ro\/ro\/wp-json\/wp\/v2\/product_tag?post=19584"}],"curies":[{"name":"wp","href":"https:\/\/api.w.org\/{rel}","templated":true}]}}