{"id":19548,"date":"2023-03-27T19:52:43","date_gmt":"2023-03-27T16:52:43","guid":{"rendered":"https:\/\/www.ccmboutique.ro\/?post_type=product&#038;p=19548"},"modified":"2024-05-14T10:50:01","modified_gmt":"2024-05-14T07:50:01","slug":"tuvya-green-exotic-leather-jacket","status":"publish","type":"product","link":"https:\/\/www.ccmboutique.ro\/ro\/shop\/tuvya-green-exotic-leather-jacket\/","title":{"rendered":"Jachet\u0103 din piele exotica de piton TUVYA"},"content":{"rendered":"","protected":false},"excerpt":{"rendered":"<p>Colec\u021bia din piele exotica pentru b\u0103rba\u021bi va introduce un stil atemporal \u00een garderoba ta.<\/p>\n<p class=\"p1\">Fiecare produs este realizat manual cu piele din piton natural\u0103 100%.<\/p>\n<p>Aceast\u0103 jachet\u0103 din piele exotica de piton este gata s\u0103 fie piesa preferat\u0103 a celor care vor s\u0103 fac\u0103 diferen\u021ba.<\/p>\n<p>Textura unic\u0103 de piele de piton de \u00eenalt\u0103 calitate.<\/p>\n<p>Poate fi purtata cu adida\u0219i pentru un stil sport sau cu pantaloni de stof\u0103 pentru o \u021binut\u0103 eleganta ,<\/p>\n<p>V\u0103 pute\u021bi bucura de un serviciu privilegiat de croitorie individual\u0103. Jachetele vor fi fabricate exclusiv pentru tine: de la modelul potrivit pentru silueta ta p\u00e2n\u0103 la tonul \u0219i textura materialelor. Un produs exclusivist va flata silueta \u0219i va reflecta stilul t\u0103u.<\/p>\n<p class=\"p1\">Pentru cur\u0103\u021bare, trimite\u021bi jacheta la un centru de cur\u0103\u021bare specializat.<\/p>\n<p>Pentru comenzi si mai multe detalii despre culori, preturi si alte modele personalizate puteti contacta la nr de tel : 0040766914884.<\/p>\n","protected":false},"featured_media":5534104,"comment_status":"closed","ping_status":"closed","template":"","meta":[],"product_cat":[436,439],"product_tag":[],"class_list":["post-19548","product","type-product","status-publish","has-post-thumbnail","hentry","product_cat-barbati-2","product_cat-jachete-din-piele-de-piton-2"],"acf":[],"_links":{"self":[{"href":"https:\/\/www.ccmboutique.ro\/ro\/wp-json\/wp\/v2\/product\/19548","targetHints":{"allow":["GET"]}}],"collection":[{"href":"https:\/\/www.ccmboutique.ro\/ro\/wp-json\/wp\/v2\/product"}],"about":[{"href":"https:\/\/www.ccmboutique.ro\/ro\/wp-json\/wp\/v2\/types\/product"}],"replies":[{"embeddable":true,"href":"https:\/\/www.ccmboutique.ro\/ro\/wp-json\/wp\/v2\/comments?post=19548"}],"version-history":[{"count":2,"href":"https:\/\/www.ccmboutique.ro\/ro\/wp-json\/wp\/v2\/product\/19548\/revisions"}],"predecessor-version":[{"id":5536785,"href":"https:\/\/www.ccmboutique.ro\/ro\/wp-json\/wp\/v2\/product\/19548\/revisions\/5536785"}],"wp:featuredmedia":[{"embeddable":true,"href":"https:\/\/www.ccmboutique.ro\/ro\/wp-json\/wp\/v2\/media\/5534104"}],"wp:attachment":[{"href":"https:\/\/www.ccmboutique.ro\/ro\/wp-json\/wp\/v2\/media?parent=19548"}],"wp:term":[{"taxonomy":"product_cat","embeddable":true,"href":"https:\/\/www.ccmboutique.ro\/ro\/wp-json\/wp\/v2\/product_cat?post=19548"},{"taxonomy":"product_tag","embeddable":true,"href":"https:\/\/www.ccmboutique.ro\/ro\/wp-json\/wp\/v2\/product_tag?post=19548"}],"curies":[{"name":"wp","href":"https:\/\/api.w.org\/{rel}","templated":true}]}}