{"id":19517,"date":"2023-03-27T13:35:42","date_gmt":"2023-03-27T10:35:42","guid":{"rendered":"https:\/\/www.ccmboutique.ro\/?post_type=product&#038;p=19517"},"modified":"2024-05-14T11:09:26","modified_gmt":"2024-05-14T08:09:26","slug":"drago-petrolium-exotic-leather-jacket","status":"publish","type":"product","link":"https:\/\/www.ccmboutique.ro\/ro\/shop\/drago-petrolium-exotic-leather-jacket\/","title":{"rendered":"Jachet\u0103 din piele exotic\u0103 de piton DRAGO"},"content":{"rendered":"","protected":false},"excerpt":{"rendered":"<p>Colec\u021bia noastr\u0103 de piele exotic\u0103 pentru b\u0103rba\u021bi va introduce un stil atemporal \u00een garderoba ta.<\/p>\n<p>Culoare Petrolium.<\/p>\n<p>Piele de piton.<\/p>\n<p>Manoper\u0103 de \u00eenalt\u0103 calitate.<\/p>\n<p>V\u0103 pute\u021bi bucura de un serviciu privilegiat de croitorie individual\u0103. Jachetele vor fi fabricate exclusiv pentru tine: de la modelul potrivit pentru silueta ta p\u00e2n\u0103 la tonul \u0219i textura materialelor. Un produs exclusivist va flata silueta \u0219i va reflecta stilul t\u0103u.<\/p>\n<p class=\"p1\">Pentru un serviciu de comand\u0103 personalizat \u0219i mai multe detalii ne pute\u021bi contacta la numerele de telefon 0040766914884 \/ 0040766914901 \u0219i ve\u021bi avea produse care vor fi realizate cu meticulozitate pentru dumneavoastr\u0103.<\/p>\n","protected":false},"featured_media":5534074,"comment_status":"closed","ping_status":"closed","template":"","meta":[],"product_cat":[436,439],"product_tag":[],"class_list":["post-19517","product","type-product","status-publish","has-post-thumbnail","hentry","product_cat-barbati-2","product_cat-jachete-din-piele-de-piton-2"],"acf":[],"_links":{"self":[{"href":"https:\/\/www.ccmboutique.ro\/ro\/wp-json\/wp\/v2\/product\/19517","targetHints":{"allow":["GET"]}}],"collection":[{"href":"https:\/\/www.ccmboutique.ro\/ro\/wp-json\/wp\/v2\/product"}],"about":[{"href":"https:\/\/www.ccmboutique.ro\/ro\/wp-json\/wp\/v2\/types\/product"}],"replies":[{"embeddable":true,"href":"https:\/\/www.ccmboutique.ro\/ro\/wp-json\/wp\/v2\/comments?post=19517"}],"version-history":[{"count":2,"href":"https:\/\/www.ccmboutique.ro\/ro\/wp-json\/wp\/v2\/product\/19517\/revisions"}],"predecessor-version":[{"id":5536788,"href":"https:\/\/www.ccmboutique.ro\/ro\/wp-json\/wp\/v2\/product\/19517\/revisions\/5536788"}],"wp:featuredmedia":[{"embeddable":true,"href":"https:\/\/www.ccmboutique.ro\/ro\/wp-json\/wp\/v2\/media\/5534074"}],"wp:attachment":[{"href":"https:\/\/www.ccmboutique.ro\/ro\/wp-json\/wp\/v2\/media?parent=19517"}],"wp:term":[{"taxonomy":"product_cat","embeddable":true,"href":"https:\/\/www.ccmboutique.ro\/ro\/wp-json\/wp\/v2\/product_cat?post=19517"},{"taxonomy":"product_tag","embeddable":true,"href":"https:\/\/www.ccmboutique.ro\/ro\/wp-json\/wp\/v2\/product_tag?post=19517"}],"curies":[{"name":"wp","href":"https:\/\/api.w.org\/{rel}","templated":true}]}}