{"id":19164,"date":"2023-01-29T14:01:21","date_gmt":"2023-01-29T12:01:21","guid":{"rendered":"https:\/\/www.ccmboutique.ro\/?post_type=product&#038;p=19164"},"modified":"2024-10-02T21:51:13","modified_gmt":"2024-10-02T18:51:13","slug":"avah-orylag-black-wool-coat","status":"publish","type":"product","link":"https:\/\/www.ccmboutique.ro\/ro\/shop\/avah-orylag-black-wool-coat\/","title":{"rendered":"Palton AVAH Black Orylag"},"content":{"rendered":"","protected":false},"excerpt":{"rendered":"<p class=\"p1\">Palton din l\u00e2n\u0103 pur\u0103 accesorizat cu blan\u0103 de orylag.<\/p>\n<p class=\"p1\">Politica companiei se bazeaz\u0103 pe determinarea de a oferi cea mai \u00eenalt\u0103 calitate, dep\u0103\u0219ind limitele luxului \u0219i transform\u00e2nd visele tuturor clien\u021bilor \u00een realitate.<\/p>\n<p class=\"p1\">L\u00e2n\u0103 virgin\u0103 100% , blan\u0103 natural\u0103 de orylag.<\/p>\n<p class=\"p1\">Aceast\u0103 blan\u0103 str\u0103lucitoare ofer\u0103 o atingere sofisticat\u0103 \u0219i senzual\u0103, fiind incomparabil de m\u0103t\u0103soas\u0103 datorit\u0103 densit\u0103\u021bii sale inegalabile.<\/p>\n<p class=\"p1\">Este moale, m\u0103tasea p\u0103rului s\u0103u este de 15 microni, la fel ca \u0219i ca\u0219mirul.<\/p>\n<p class=\"p1\">Este luminos: blana are aceea\u0219i str\u0103lucire ca \u0219i m\u0103tasea.<\/p>\n<p class=\"p1\">Este rar\u0103: produc\u021bia sa este limitat\u0103 ca \u0219i cea a pietrelor pre\u021bioase.<\/p>\n<p class=\"p1\">Poate fi f\u0103cuta la comand\u0103 pe orice m\u0103sur\u0103, disponibila \u00een mai multe culori.<\/p>\n<p class=\"p1\">Folosim doar materiale \u0219i accesorii de cea mai bun\u0103 calitate, \u00eencerc\u00e2nd mereu s\u0103 cre\u0103m idei interesante pentru a v\u0103 face stilul unic, personalizat, calitate superioar\u0103.<\/p>\n<p>  Pentru comenzi \u0219i mai multe detalii despre culori, pre\u021buri \u0219i alte modele personalizate pute\u021bi trimite un mesaj sau suna la 0040766914884 \/ 0040766914901<\/p>\n","protected":false},"featured_media":5533978,"comment_status":"closed","ping_status":"closed","template":"","meta":[],"product_cat":[444,449],"product_tag":[],"class_list":["post-19164","product","type-product","status-publish","has-post-thumbnail","hentry","product_cat-femei-2","product_cat-haine-din-lana-casmir-alpaca-2"],"acf":[],"_links":{"self":[{"href":"https:\/\/www.ccmboutique.ro\/ro\/wp-json\/wp\/v2\/product\/19164","targetHints":{"allow":["GET"]}}],"collection":[{"href":"https:\/\/www.ccmboutique.ro\/ro\/wp-json\/wp\/v2\/product"}],"about":[{"href":"https:\/\/www.ccmboutique.ro\/ro\/wp-json\/wp\/v2\/types\/product"}],"replies":[{"embeddable":true,"href":"https:\/\/www.ccmboutique.ro\/ro\/wp-json\/wp\/v2\/comments?post=19164"}],"version-history":[{"count":2,"href":"https:\/\/www.ccmboutique.ro\/ro\/wp-json\/wp\/v2\/product\/19164\/revisions"}],"predecessor-version":[{"id":5538354,"href":"https:\/\/www.ccmboutique.ro\/ro\/wp-json\/wp\/v2\/product\/19164\/revisions\/5538354"}],"wp:featuredmedia":[{"embeddable":true,"href":"https:\/\/www.ccmboutique.ro\/ro\/wp-json\/wp\/v2\/media\/5533978"}],"wp:attachment":[{"href":"https:\/\/www.ccmboutique.ro\/ro\/wp-json\/wp\/v2\/media?parent=19164"}],"wp:term":[{"taxonomy":"product_cat","embeddable":true,"href":"https:\/\/www.ccmboutique.ro\/ro\/wp-json\/wp\/v2\/product_cat?post=19164"},{"taxonomy":"product_tag","embeddable":true,"href":"https:\/\/www.ccmboutique.ro\/ro\/wp-json\/wp\/v2\/product_tag?post=19164"}],"curies":[{"name":"wp","href":"https:\/\/api.w.org\/{rel}","templated":true}]}}