{"id":18991,"date":"2023-01-03T13:22:02","date_gmt":"2023-01-03T11:22:02","guid":{"rendered":"https:\/\/www.ccmboutique.ro\/?post_type=product&#038;p=18991"},"modified":"2024-10-28T19:07:42","modified_gmt":"2024-10-28T17:07:42","slug":"ambrosine-salmon-fur-coat","status":"publish","type":"product","link":"https:\/\/www.ccmboutique.ro\/ro\/shop\/ambrosine-salmon-fur-coat\/","title":{"rendered":"Haina Alcantara AMBROSINE Salmon"},"content":{"rendered":"","protected":false},"excerpt":{"rendered":"<p class=\"p1\">O hain\u0103 de blan\u0103 rafinat\u0103, conceput\u0103 pentru a v\u0103 face s\u0103 ar\u0103ta\u021bi fermec\u0103toare \u0219i elegant\u0103 la fiecare pas pe care \u00eel face\u021bi.<\/p>\n<p class=\"p1\"><span class=\"Apple-converted-space\">Aceast\u0103 hain\u0103 te va face cu siguran\u021b\u0103 s\u0103 te remarci din mul\u021bime.<\/span><\/p>\n<p class=\"p1\">Poate fi u\u0219or de asortat cu aproape orice tip de \u021binut\u0103, fie c\u0103 este vorba de o \u021binut\u0103 sport sau una elegant\u0103.<\/p>\n<p class=\"p1\">Pentru m\u0103suri personalizate, putem lucra pe baz\u0103 de comand\u0103.<\/p>\n<p class=\"p1\">Pentru orice informa\u021bii suplimentare, suntem la dispozi\u021bia dumneavoastr\u0103 0040766914884.<\/p>\n","protected":false},"featured_media":5533923,"comment_status":"closed","ping_status":"closed","template":"","meta":[],"product_cat":[444,450],"product_tag":[],"class_list":["post-18991","product","type-product","status-publish","has-post-thumbnail","hentry","product_cat-femei-2","product_cat-haine-din-alcantara-2"],"acf":[],"_links":{"self":[{"href":"https:\/\/www.ccmboutique.ro\/ro\/wp-json\/wp\/v2\/product\/18991","targetHints":{"allow":["GET"]}}],"collection":[{"href":"https:\/\/www.ccmboutique.ro\/ro\/wp-json\/wp\/v2\/product"}],"about":[{"href":"https:\/\/www.ccmboutique.ro\/ro\/wp-json\/wp\/v2\/types\/product"}],"replies":[{"embeddable":true,"href":"https:\/\/www.ccmboutique.ro\/ro\/wp-json\/wp\/v2\/comments?post=18991"}],"version-history":[{"count":3,"href":"https:\/\/www.ccmboutique.ro\/ro\/wp-json\/wp\/v2\/product\/18991\/revisions"}],"predecessor-version":[{"id":5539658,"href":"https:\/\/www.ccmboutique.ro\/ro\/wp-json\/wp\/v2\/product\/18991\/revisions\/5539658"}],"wp:featuredmedia":[{"embeddable":true,"href":"https:\/\/www.ccmboutique.ro\/ro\/wp-json\/wp\/v2\/media\/5533923"}],"wp:attachment":[{"href":"https:\/\/www.ccmboutique.ro\/ro\/wp-json\/wp\/v2\/media?parent=18991"}],"wp:term":[{"taxonomy":"product_cat","embeddable":true,"href":"https:\/\/www.ccmboutique.ro\/ro\/wp-json\/wp\/v2\/product_cat?post=18991"},{"taxonomy":"product_tag","embeddable":true,"href":"https:\/\/www.ccmboutique.ro\/ro\/wp-json\/wp\/v2\/product_tag?post=18991"}],"curies":[{"name":"wp","href":"https:\/\/api.w.org\/{rel}","templated":true}]}}