{"id":18437,"date":"2022-12-20T02:37:07","date_gmt":"2022-12-20T00:37:07","guid":{"rendered":"https:\/\/www.ccmboutique.ro\/?post_type=product&#038;p=18437"},"modified":"2024-02-20T16:36:47","modified_gmt":"2024-02-20T14:36:47","slug":"tessa-shearling-coat-2","status":"publish","type":"product","link":"https:\/\/www.ccmboutique.ro\/ro\/shop\/tessa-shearling-coat-2\/","title":{"rendered":"Cojoc Shearling TESSA"},"content":{"rendered":"","protected":false},"excerpt":{"rendered":"<p><span class=\"Y2IQFc\" lang=\"en\">O hain\u0103 calduroasa, rezistent\u0103 \u0219i unic\u0103. Nu trebuie sa lipseasca din garderoba nici unei femei.<\/span><\/p>\n<p>Face\u021bi impresie cu aceast cojoc shearling de \u00eenalt\u0103 calitate.<\/p>\n<p>Caldura imbatabila si stil luxos.<\/p>\n<p>C\u0103ldura bl\u0103nii de oaie, shearling este doar unul dintre avantajele sale.<\/p>\n<p>Cele mai bune cojoace din shearling, merit\u0103 investi\u021bia.<\/p>\n<p class=\"p1\">V\u0103 pute\u021bi bucura de un serviciu privilegiat de croitorie individual\u0103.<\/p>\n<p class=\"p1\">Jachetele vor fi fabricate exclusiv pentru dumneavoastr\u0103: de la modelul potrivit pentru silueta dumneavoastr\u0103 p\u00e2n\u0103 la ton \u0219i textura.<\/p>\n<p class=\"p1\">Un produs exclusivist va flata silueta \u0219i va reflecta stilul t\u0103u.<\/p>\n<p class=\"p1\">Pentru un serviciu de comand\u0103 personalizat \u0219i mai multe detalii ne pute\u021bi contacta la numerele de telefon 0040766914884 \/ 0040766914901 \u0219i ve\u021bi avea produse care vor fi realizate cu meticulozitate pentru dumneavoastr\u0103.<\/p>\n","protected":false},"featured_media":19335,"comment_status":"closed","ping_status":"closed","template":"","meta":[],"product_cat":[446,444],"product_tag":[],"class_list":["post-18437","product","type-product","status-publish","has-post-thumbnail","hentry","product_cat-cojoace-shearling","product_cat-femei-2"],"acf":[],"_links":{"self":[{"href":"https:\/\/www.ccmboutique.ro\/ro\/wp-json\/wp\/v2\/product\/18437","targetHints":{"allow":["GET"]}}],"collection":[{"href":"https:\/\/www.ccmboutique.ro\/ro\/wp-json\/wp\/v2\/product"}],"about":[{"href":"https:\/\/www.ccmboutique.ro\/ro\/wp-json\/wp\/v2\/types\/product"}],"replies":[{"embeddable":true,"href":"https:\/\/www.ccmboutique.ro\/ro\/wp-json\/wp\/v2\/comments?post=18437"}],"version-history":[{"count":1,"href":"https:\/\/www.ccmboutique.ro\/ro\/wp-json\/wp\/v2\/product\/18437\/revisions"}],"predecessor-version":[{"id":5527119,"href":"https:\/\/www.ccmboutique.ro\/ro\/wp-json\/wp\/v2\/product\/18437\/revisions\/5527119"}],"wp:featuredmedia":[{"embeddable":true,"href":"https:\/\/www.ccmboutique.ro\/ro\/wp-json\/wp\/v2\/media\/19335"}],"wp:attachment":[{"href":"https:\/\/www.ccmboutique.ro\/ro\/wp-json\/wp\/v2\/media?parent=18437"}],"wp:term":[{"taxonomy":"product_cat","embeddable":true,"href":"https:\/\/www.ccmboutique.ro\/ro\/wp-json\/wp\/v2\/product_cat?post=18437"},{"taxonomy":"product_tag","embeddable":true,"href":"https:\/\/www.ccmboutique.ro\/ro\/wp-json\/wp\/v2\/product_tag?post=18437"}],"curies":[{"name":"wp","href":"https:\/\/api.w.org\/{rel}","templated":true}]}}