{"id":17822,"date":"2022-12-14T00:14:36","date_gmt":"2022-12-13T22:14:36","guid":{"rendered":"https:\/\/www.ccmboutique.ro\/?post_type=product&#038;p=17822"},"modified":"2024-02-20T16:33:42","modified_gmt":"2024-02-20T14:33:42","slug":"edweena-white-jacket-2","status":"publish","type":"product","link":"https:\/\/www.ccmboutique.ro\/ro\/shop\/edweena-white-jacket-2\/","title":{"rendered":"Jacheta EDWEENA"},"content":{"rendered":"","protected":false},"excerpt":{"rendered":"<p class=\"p1\"><span class=\"Apple-converted-space\">Calitatea este \u00eens\u0103\u0219i esen\u021ba unei jachete CCM Boutique, realizat\u0103 din materiale selecte pentru a crea jachete care sunt opere de art\u0103 de neegalat \u00een sine.<\/span><\/p>\n<p class=\"p1\">U\u0219or de purtat. U\u0219or de stilizat. U\u0219or de asortat. Perfecta pentru orice ocazie.<\/p>\n<p class=\"p1\">Fiecare produs este realizat manual cu 100% piele.<\/p>\n<p>Pentru comenzi si mai multe detalii despre culori, preturi si alte modele personalizate puteti sa scrieti sau sa sunati la 0040766914901<\/p>\n","protected":false},"featured_media":5533867,"comment_status":"closed","ping_status":"closed","template":"","meta":[],"product_cat":[444,453],"product_tag":[],"class_list":["post-17822","product","type-product","status-publish","has-post-thumbnail","hentry","product_cat-femei-2","product_cat-jachete-din-piele-naturala"],"acf":[],"_links":{"self":[{"href":"https:\/\/www.ccmboutique.ro\/ro\/wp-json\/wp\/v2\/product\/17822","targetHints":{"allow":["GET"]}}],"collection":[{"href":"https:\/\/www.ccmboutique.ro\/ro\/wp-json\/wp\/v2\/product"}],"about":[{"href":"https:\/\/www.ccmboutique.ro\/ro\/wp-json\/wp\/v2\/types\/product"}],"replies":[{"embeddable":true,"href":"https:\/\/www.ccmboutique.ro\/ro\/wp-json\/wp\/v2\/comments?post=17822"}],"version-history":[{"count":1,"href":"https:\/\/www.ccmboutique.ro\/ro\/wp-json\/wp\/v2\/product\/17822\/revisions"}],"predecessor-version":[{"id":5527109,"href":"https:\/\/www.ccmboutique.ro\/ro\/wp-json\/wp\/v2\/product\/17822\/revisions\/5527109"}],"wp:featuredmedia":[{"embeddable":true,"href":"https:\/\/www.ccmboutique.ro\/ro\/wp-json\/wp\/v2\/media\/5533867"}],"wp:attachment":[{"href":"https:\/\/www.ccmboutique.ro\/ro\/wp-json\/wp\/v2\/media?parent=17822"}],"wp:term":[{"taxonomy":"product_cat","embeddable":true,"href":"https:\/\/www.ccmboutique.ro\/ro\/wp-json\/wp\/v2\/product_cat?post=17822"},{"taxonomy":"product_tag","embeddable":true,"href":"https:\/\/www.ccmboutique.ro\/ro\/wp-json\/wp\/v2\/product_tag?post=17822"}],"curies":[{"name":"wp","href":"https:\/\/api.w.org\/{rel}","templated":true}]}}