{"id":17100,"date":"2022-11-25T01:38:15","date_gmt":"2022-11-24T23:38:15","guid":{"rendered":"https:\/\/www.ccmboutique.ro\/?post_type=product&#038;p=17100"},"modified":"2024-10-22T18:22:08","modified_gmt":"2024-10-22T15:22:08","slug":"haina-rajeev-piele-pelita","status":"publish","type":"product","link":"https:\/\/www.ccmboutique.ro\/ro\/shop\/haina-rajeev-piele-pelita\/","title":{"rendered":"Haina Din Piele Imblanita RAJEEV"},"content":{"rendered":"","protected":false},"excerpt":{"rendered":"<p class=\"p1\">Colec\u021bia pentru b\u0103rba\u021bi CCM va introduce un stil atemporal \u00een garderoba ta.<\/p>\n<p class=\"p1\"><span class=\"Apple-converted-space\">Calitatea este \u00eens\u0103\u0219i esen\u021ba unei jachete CCM Boutique.<\/span><\/p>\n<p>Face\u021bi impresie cu aceast\u0103 hain\u0103 de \u00eenalt\u0103 calitate accesorizat\u0103 cu blan\u0103 , c\u0103ldur\u0103 imbatabil\u0103 \u0219i stil luxos. Dar , desigur c\u0103ldura acestei haine este doar unul dintre beneficiile sale. Cele mai bune jachete din piele merit\u0103 investi\u021bia.<\/p>\n<p>Detaliile conteaz\u0103, calitatea inainte de orice.<\/p>\n<p class=\"p1\">V\u0103 pute\u021bi bucura de un serviciu privilegiat de croitorie individual\u0103.<\/p>\n<p class=\"p1\">Jachetele vor fi fabricate exclusiv pentru dumneavoastr\u0103: de la modelul potrivit pentru silueta dumneavoastr\u0103 p\u00e2n\u0103 la tonul \u0219i textura.<\/p>\n<p class=\"p1\">Un produs exclusivist va flata silueta \u0219i va reflecta stilul t\u0103u.<\/p>\n<p class=\"p1\">Pentru un serviciu de comand\u0103 personalizat \u0219i mai multe detalii ne pute\u021bi contacta la numerele de telefon 0040766914884 \/ 0040766914901 \u0219i ve\u021bi avea produse care vor fi realizate cu minu\u021biozitate pentru dvs.<\/p>\n<p>Instructiuni de spalare: curatare specializata.<\/p>\n","protected":false},"featured_media":5533680,"comment_status":"closed","ping_status":"closed","template":"","meta":[],"product_cat":[436,441],"product_tag":[],"class_list":["post-17100","product","type-product","status-publish","has-post-thumbnail","hentry","product_cat-barbati-2","product_cat-jachete-din-piele-naturala-2"],"acf":[],"_links":{"self":[{"href":"https:\/\/www.ccmboutique.ro\/ro\/wp-json\/wp\/v2\/product\/17100","targetHints":{"allow":["GET"]}}],"collection":[{"href":"https:\/\/www.ccmboutique.ro\/ro\/wp-json\/wp\/v2\/product"}],"about":[{"href":"https:\/\/www.ccmboutique.ro\/ro\/wp-json\/wp\/v2\/types\/product"}],"replies":[{"embeddable":true,"href":"https:\/\/www.ccmboutique.ro\/ro\/wp-json\/wp\/v2\/comments?post=17100"}],"version-history":[{"count":3,"href":"https:\/\/www.ccmboutique.ro\/ro\/wp-json\/wp\/v2\/product\/17100\/revisions"}],"predecessor-version":[{"id":5539000,"href":"https:\/\/www.ccmboutique.ro\/ro\/wp-json\/wp\/v2\/product\/17100\/revisions\/5539000"}],"wp:featuredmedia":[{"embeddable":true,"href":"https:\/\/www.ccmboutique.ro\/ro\/wp-json\/wp\/v2\/media\/5533680"}],"wp:attachment":[{"href":"https:\/\/www.ccmboutique.ro\/ro\/wp-json\/wp\/v2\/media?parent=17100"}],"wp:term":[{"taxonomy":"product_cat","embeddable":true,"href":"https:\/\/www.ccmboutique.ro\/ro\/wp-json\/wp\/v2\/product_cat?post=17100"},{"taxonomy":"product_tag","embeddable":true,"href":"https:\/\/www.ccmboutique.ro\/ro\/wp-json\/wp\/v2\/product_tag?post=17100"}],"curies":[{"name":"wp","href":"https:\/\/api.w.org\/{rel}","templated":true}]}}