{"id":16487,"date":"2022-11-08T20:47:38","date_gmt":"2022-11-08T18:47:38","guid":{"rendered":"https:\/\/www.ccmboutique.ro\/?post_type=product&#038;p=16487"},"modified":"2026-02-13T15:27:32","modified_gmt":"2026-02-13T13:27:32","slug":"cydney-black-pure-wool-coat","status":"publish","type":"product","link":"https:\/\/www.ccmboutique.ro\/ro\/shop\/cydney-black-pure-wool-coat\/","title":{"rendered":"Palton Din Lana Pura CYDNEY Black"},"content":{"rendered":"","protected":false},"excerpt":{"rendered":"<p class=\"p1\">Fiecare femeie \u00ee\u0219i dore\u0219te s\u0103 \u00ee\u0219i creeze o \u021binut\u0103 care s\u0103 \u00eembine confortul termic \u0219i stilul personal, astfel \u00eenc\u00e2t s\u0103 arate splendid chiar \u0219i \u00een zilele reci.<\/p>\n<p class=\"p1\">Fabricat din l\u00e2n\u0103 virgin\u0103 \u0219i blan\u0103 natural\u0103 100%.<\/p>\n<p id=\"tw-target-text\" class=\"tw-data-text tw-text-large tw-ta\" dir=\"ltr\" tabindex=\"-1\" role=\"text\" data-placeholder=\"Traducere\" data-ved=\"2ahUKEwiazvfXm9aSAxXOgP0HHb7cGvIQ3ewLegQIBBAW\" aria-label=\"Text tradus: Each coat is created individually, according to your measurements, from the materials and colors you choose. We do not produce in series \u2013 each piece is unique. The fur collar can be chosen tone-on-tone, for a refined look, or in a different shade, for an elegant accent. A custom coat, made especially for the tine.\"><span class=\"Y2IQFc\" lang=\"en\">Fiecare palton este creat individual, conform m\u0103sur\u0103torilor dumneavoastr\u0103, din materialele \u0219i culorile pe care le alege\u021bi.<\/span><\/p>\n<p class=\"tw-data-text tw-text-large tw-ta\" dir=\"ltr\" tabindex=\"-1\" role=\"text\" data-placeholder=\"Traducere\" data-ved=\"2ahUKEwiazvfXm9aSAxXOgP0HHb7cGvIQ3ewLegQIBBAW\" aria-label=\"Text tradus: Each coat is created individually, according to your measurements, from the materials and colors you choose. We do not produce in series \u2013 each piece is unique. The fur collar can be chosen tone-on-tone, for a refined look, or in a different shade, for an elegant accent. A custom coat, made especially for the tine.\"><span class=\"Y2IQFc\" lang=\"en\">Nu producem \u00een serie \u2013 fiecare pies\u0103 este unic\u0103.<\/span><\/p>\n<p class=\"tw-data-text tw-text-large tw-ta\" dir=\"ltr\" tabindex=\"-1\" role=\"text\" data-placeholder=\"Traducere\" data-ved=\"2ahUKEwiazvfXm9aSAxXOgP0HHb7cGvIQ3ewLegQIBBAW\" aria-label=\"Text tradus: Each coat is created individually, according to your measurements, from the materials and colors you choose. We do not produce in series \u2013 each piece is unique. The fur collar can be chosen tone-on-tone, for a refined look, or in a different shade, for an elegant accent. A custom coat, made especially for the tine.\"><span class=\"Y2IQFc\" lang=\"en\">Gulerul de blan\u0103 poate fi ales ton pe ton, pentru un aspect rafinat, sau \u00eentr-o nuan\u021b\u0103 diferit\u0103, pentru un accent elegant.<\/span><\/p>\n<p class=\"tw-data-text tw-text-large tw-ta\" dir=\"ltr\" tabindex=\"-1\" role=\"text\" data-placeholder=\"Traducere\" data-ved=\"2ahUKEwjA-f2F956QAxVelP0HHWNFJSQQ3ewLegQICxAV\" aria-label=\"Text tradus: Handcrafted, every detail is carefully finished to provide a feminine, sophisticated and perfectly proportioned silhouette. Perfect for the woman who appreciates exclusivity and quality, this fur coat becomes the center of any appearance. Handmade to order. Production time: 7\u201314 working days. The product is made individually, according to your measurements. After placing the order, a CCM Boutique consultant will contact you to confirm the desired dimensions and details. Exclusive design and handmade execution. Natural materials of the highest quality. Each piece is unique, made especially for you.\"><span class=\"Y2IQFc\" lang=\"en\">Timp de produc\u021bie: 7\u201314 zile lucr\u0103toare.<\/span><\/p>\n<p class=\"tw-data-text tw-text-large tw-ta\" dir=\"ltr\" tabindex=\"-1\" role=\"text\" data-placeholder=\"Traducere\" data-ved=\"2ahUKEwjA-f2F956QAxVelP0HHWNFJSQQ3ewLegQICxAV\" aria-label=\"Text tradus: Handcrafted, every detail is carefully finished to provide a feminine, sophisticated and perfectly proportioned silhouette. Perfect for the woman who appreciates exclusivity and quality, this fur coat becomes the center of any appearance. Handmade to order. Production time: 7\u201314 working days. The product is made individually, according to your measurements. After placing the order, a CCM Boutique consultant will contact you to confirm the desired dimensions and details. Exclusive design and handmade execution. Natural materials of the highest quality. Each piece is unique, made especially for you.\"><span class=\"Y2IQFc\" lang=\"en\">Produsul este realizat individual, conform m\u0103sur\u0103torilor dumneavoastr\u0103.<\/span><\/p>\n<p class=\"tw-data-text tw-text-large tw-ta\" dir=\"ltr\" tabindex=\"-1\" role=\"text\" data-placeholder=\"Traducere\" data-ved=\"2ahUKEwjA-f2F956QAxVelP0HHWNFJSQQ3ewLegQICxAV\" aria-label=\"Text tradus: Handcrafted, every detail is carefully finished to provide a feminine, sophisticated and perfectly proportioned silhouette. Perfect for the woman who appreciates exclusivity and quality, this fur coat becomes the center of any appearance. Handmade to order. Production time: 7\u201314 working days. The product is made individually, according to your measurements. After placing the order, a CCM Boutique consultant will contact you to confirm the desired dimensions and details. Exclusive design and handmade execution. Natural materials of the highest quality. Each piece is unique, made especially for you.\"><span class=\"Y2IQFc\" lang=\"en\">Dup\u0103 plasarea comenzii, un consultant CCM Boutique v\u0103 va contacta pentru a confirma dimensiunile \u0219i detaliile dorite.<\/span><\/p>\n<p class=\"tw-data-text tw-text-large tw-ta\" dir=\"ltr\" tabindex=\"-1\" role=\"text\" data-placeholder=\"Traducere\" data-ved=\"2ahUKEwjA-f2F956QAxVelP0HHWNFJSQQ3ewLegQICxAV\" aria-label=\"Text tradus: Handcrafted, every detail is carefully finished to provide a feminine, sophisticated and perfectly proportioned silhouette. Perfect for the woman who appreciates exclusivity and quality, this fur coat becomes the center of any appearance. Handmade to order. Production time: 7\u201314 working days. The product is made individually, according to your measurements. After placing the order, a CCM Boutique consultant will contact you to confirm the desired dimensions and details. Exclusive design and handmade execution. Natural materials of the highest quality. Each piece is unique, made especially for you.\"><span class=\"Y2IQFc\" lang=\"en\">Design exclusiv \u0219i execu\u021bie manual\u0103.<\/span><\/p>\n","protected":false},"featured_media":5533674,"comment_status":"closed","ping_status":"closed","template":"","meta":[],"product_cat":[444,449],"product_tag":[],"class_list":["post-16487","product","type-product","status-publish","has-post-thumbnail","hentry","product_cat-femei-2","product_cat-haine-din-lana-casmir-alpaca-2"],"acf":[],"_links":{"self":[{"href":"https:\/\/www.ccmboutique.ro\/ro\/wp-json\/wp\/v2\/product\/16487","targetHints":{"allow":["GET"]}}],"collection":[{"href":"https:\/\/www.ccmboutique.ro\/ro\/wp-json\/wp\/v2\/product"}],"about":[{"href":"https:\/\/www.ccmboutique.ro\/ro\/wp-json\/wp\/v2\/types\/product"}],"replies":[{"embeddable":true,"href":"https:\/\/www.ccmboutique.ro\/ro\/wp-json\/wp\/v2\/comments?post=16487"}],"version-history":[{"count":3,"href":"https:\/\/www.ccmboutique.ro\/ro\/wp-json\/wp\/v2\/product\/16487\/revisions"}],"predecessor-version":[{"id":5543690,"href":"https:\/\/www.ccmboutique.ro\/ro\/wp-json\/wp\/v2\/product\/16487\/revisions\/5543690"}],"wp:featuredmedia":[{"embeddable":true,"href":"https:\/\/www.ccmboutique.ro\/ro\/wp-json\/wp\/v2\/media\/5533674"}],"wp:attachment":[{"href":"https:\/\/www.ccmboutique.ro\/ro\/wp-json\/wp\/v2\/media?parent=16487"}],"wp:term":[{"taxonomy":"product_cat","embeddable":true,"href":"https:\/\/www.ccmboutique.ro\/ro\/wp-json\/wp\/v2\/product_cat?post=16487"},{"taxonomy":"product_tag","embeddable":true,"href":"https:\/\/www.ccmboutique.ro\/ro\/wp-json\/wp\/v2\/product_tag?post=16487"}],"curies":[{"name":"wp","href":"https:\/\/api.w.org\/{rel}","templated":true}]}}