{"id":15699,"date":"2022-10-30T01:15:44","date_gmt":"2022-10-29T22:15:44","guid":{"rendered":"https:\/\/www.ccmboutique.ro\/?post_type=product&#038;p=15699"},"modified":"2024-10-26T11:49:10","modified_gmt":"2024-10-26T08:49:10","slug":"sisel-negru-coat","status":"publish","type":"product","link":"https:\/\/www.ccmboutique.ro\/ro\/shop\/sisel-negru-coat\/","title":{"rendered":"Haina De Blan\u0103 SISEL"},"content":{"rendered":"","protected":false},"excerpt":{"rendered":"<p>Siluetele din colec\u021bia de piele pentru femei CCM Boutique aduc o senza\u021bie de lux \u00een \u021binutele tale de zi cu zi.<\/p>\n<p>O hain\u0103 din blan\u0103 natural\u0103 de vulpe calduroasa , durabil\u0103 \u0219i unic\u0103. Nu trebuie sa lipseasca din garderoba nici unei femei.<\/p>\n<p>Piele natural\u0103 \u00eentre p\u0103r\u021bile de blan\u0103.<\/p>\n<p>Se poate realiza la comanda pe orice marime.<\/p>\n<p>Disponibila pe mai multe culori .<\/p>\n<p>Pentru comenzi \u0219i mai multe informa\u021bii, ne pute\u021bi contacta prin telefon la 0040766914884  0040766914901<\/p>\n","protected":false},"featured_media":5533628,"comment_status":"closed","ping_status":"closed","template":"","meta":[],"product_cat":[444,452],"product_tag":[],"class_list":["post-15699","product","type-product","status-publish","has-post-thumbnail","hentry","product_cat-femei-2","product_cat-haine-din-blana-2"],"acf":[],"_links":{"self":[{"href":"https:\/\/www.ccmboutique.ro\/ro\/wp-json\/wp\/v2\/product\/15699","targetHints":{"allow":["GET"]}}],"collection":[{"href":"https:\/\/www.ccmboutique.ro\/ro\/wp-json\/wp\/v2\/product"}],"about":[{"href":"https:\/\/www.ccmboutique.ro\/ro\/wp-json\/wp\/v2\/types\/product"}],"replies":[{"embeddable":true,"href":"https:\/\/www.ccmboutique.ro\/ro\/wp-json\/wp\/v2\/comments?post=15699"}],"version-history":[{"count":3,"href":"https:\/\/www.ccmboutique.ro\/ro\/wp-json\/wp\/v2\/product\/15699\/revisions"}],"predecessor-version":[{"id":5539384,"href":"https:\/\/www.ccmboutique.ro\/ro\/wp-json\/wp\/v2\/product\/15699\/revisions\/5539384"}],"wp:featuredmedia":[{"embeddable":true,"href":"https:\/\/www.ccmboutique.ro\/ro\/wp-json\/wp\/v2\/media\/5533628"}],"wp:attachment":[{"href":"https:\/\/www.ccmboutique.ro\/ro\/wp-json\/wp\/v2\/media?parent=15699"}],"wp:term":[{"taxonomy":"product_cat","embeddable":true,"href":"https:\/\/www.ccmboutique.ro\/ro\/wp-json\/wp\/v2\/product_cat?post=15699"},{"taxonomy":"product_tag","embeddable":true,"href":"https:\/\/www.ccmboutique.ro\/ro\/wp-json\/wp\/v2\/product_tag?post=15699"}],"curies":[{"name":"wp","href":"https:\/\/api.w.org\/{rel}","templated":true}]}}