{"id":14919,"date":"2022-09-20T23:20:33","date_gmt":"2022-09-20T20:20:33","guid":{"rendered":"https:\/\/www.ccmboutique.ro\/?post_type=product&#038;p=14919"},"modified":"2024-10-02T22:08:59","modified_gmt":"2024-10-02T19:08:59","slug":"aayra-pink-print-sport-bra","status":"publish","type":"product","link":"https:\/\/www.ccmboutique.ro\/ro\/shop\/aayra-pink-print-sport-bra\/","title":{"rendered":"Bustiera Aayra Pink"},"content":{"rendered":"","protected":false},"excerpt":{"rendered":"<p>Materiale de \u00eenalt\u0103 calitate, transparen\u021b\u0103 zero Mai multe culori disponibile Este produs cu o tehnic\u0103 special\u0103 de cusut prin utilizarea \u021bes\u0103turii lycra pline, produs\u0103 special Compresie, caracteristic\u0103 push-up Pentru comenzi \u0219i mai multe informa\u021bii, ne pute\u021bi contacta telefonic la 0040766914884 0040766914901<\/p>\n","protected":false},"featured_media":5533594,"comment_status":"closed","ping_status":"closed","template":"","meta":[],"product_cat":[459,457],"product_tag":[],"class_list":["post-14919","product","type-product","status-publish","has-post-thumbnail","hentry","product_cat-bustiere-2","product_cat-fitness-2"],"acf":[],"_links":{"self":[{"href":"https:\/\/www.ccmboutique.ro\/ro\/wp-json\/wp\/v2\/product\/14919","targetHints":{"allow":["GET"]}}],"collection":[{"href":"https:\/\/www.ccmboutique.ro\/ro\/wp-json\/wp\/v2\/product"}],"about":[{"href":"https:\/\/www.ccmboutique.ro\/ro\/wp-json\/wp\/v2\/types\/product"}],"replies":[{"embeddable":true,"href":"https:\/\/www.ccmboutique.ro\/ro\/wp-json\/wp\/v2\/comments?post=14919"}],"version-history":[{"count":2,"href":"https:\/\/www.ccmboutique.ro\/ro\/wp-json\/wp\/v2\/product\/14919\/revisions"}],"predecessor-version":[{"id":5538381,"href":"https:\/\/www.ccmboutique.ro\/ro\/wp-json\/wp\/v2\/product\/14919\/revisions\/5538381"}],"wp:featuredmedia":[{"embeddable":true,"href":"https:\/\/www.ccmboutique.ro\/ro\/wp-json\/wp\/v2\/media\/5533594"}],"wp:attachment":[{"href":"https:\/\/www.ccmboutique.ro\/ro\/wp-json\/wp\/v2\/media?parent=14919"}],"wp:term":[{"taxonomy":"product_cat","embeddable":true,"href":"https:\/\/www.ccmboutique.ro\/ro\/wp-json\/wp\/v2\/product_cat?post=14919"},{"taxonomy":"product_tag","embeddable":true,"href":"https:\/\/www.ccmboutique.ro\/ro\/wp-json\/wp\/v2\/product_tag?post=14919"}],"curies":[{"name":"wp","href":"https:\/\/api.w.org\/{rel}","templated":true}]}}