{"id":7937,"date":"2022-07-03T12:32:55","date_gmt":"2022-07-03T09:32:55","guid":{"rendered":"https:\/\/www.ccmboutique.ro\/termeni-si-conditii\/"},"modified":"2025-10-27T16:36:49","modified_gmt":"2025-10-27T14:36:49","slug":"termeni-si-conditii","status":"publish","type":"page","link":"https:\/\/www.ccmboutique.ro\/ro\/termeni-si-conditii\/","title":{"rendered":"Termeni \u0219i condi\u021bii"},"content":{"rendered":"\t\t<div data-elementor-type=\"wp-page\" data-elementor-id=\"7937\" class=\"elementor elementor-7937\" data-elementor-post-type=\"page\">\n\t\t\t\t\t\t\t\t\t<section class=\"has_ae_slider elementor-section elementor-top-section elementor-element elementor-element-16754a2c elementor-section-boxed elementor-section-height-default elementor-section-height-default ae-bg-gallery-type-default\" data-id=\"16754a2c\" data-element_type=\"section\">\n\t\t\t\t\t\t<div class=\"elementor-container elementor-column-gap-default\">\n\t\t\t\t\t<div class=\"has_ae_slider elementor-column elementor-col-100 elementor-top-column elementor-element elementor-element-5e9da054 ae-bg-gallery-type-default\" data-id=\"5e9da054\" data-element_type=\"column\">\n\t\t\t<div class=\"elementor-widget-wrap elementor-element-populated\">\n\t\t\t\t\t\t\t\t<div class=\"elementor-element elementor-element-7d680da elementor-widget elementor-widget-text-editor\" data-id=\"7d680da\" data-element_type=\"widget\" data-widget_type=\"text-editor.default\">\n\t\t\t\t<div class=\"elementor-widget-container\">\n\t\t\t\t\t\t\t\n<p>TERMENI SI CONDITII<\/p>\n\n<p>Sunt de acord \u0219i accept c\u0103 societatea <a>BELLA FARFALLINA SRL <\/a>(cu sediul \u00een <a>BUCURESTI SEC 4, BD METALURGIEI NR 132 BIROU 1 BL B1A SC1 AP 4<\/a>, CIF <a>38597993<\/a>, num\u0103r de \u00eenregistrare la Registrul Comer\u021bului <a>J40\/20468\/20212017<\/a>) denumit\u0103 \u00een continuare \u201cDATE CU CARACTER PERSONAL \u2013 ACTUALIZARE<\/p>\n\n<p>3.1. Aspecte Generale<\/p>\n\n<p>Datele cu caracter personal ale clientilor vor fi prelucrate de c\u0103tre DATE CU CARACTER PERSONAL \u2013 ACTUALIZARE<\/p>\n\n<p>3.1. Aspecte Generale<\/p>\n\n<p>Datele cu caracter personal ale clientilor vor fi prelucrate de c\u0103tre BELLA FARFALLINA SRL (av\u00e2nd datele de identificare prev\u0103zute la \u00eenceputul acestui document) \u00een calitate de operator, persoan\u0103 responsabil\u0103 pentru toate datele \u015fi informa\u0163iile clientilor, a\u015fa cum acestea sunt colectate prin intermediul website-ului.<\/p>\n\n<p>Pentru prelucrarea datelor cu caracter personal ale clientilor , dup\u0103 cum este descris mai jos, ne \u00eentemeiem pe urm\u0103toarele baze legale:<\/p>\n\n<p>Executarea contractului: Pentru a realiza scopurile acestui contract dintre CLIENT si BELLA FARFALLINA SRL, este necesar\u0103 prelucrarea datelor personale ce sunt furnizate de CLIENT la plasarea \u0219i \u00eenregistrarea comenzilor<\/p>\n\n<p>Interes legitim:\u00a0 Prelucrarea datelor cu caracter personal este necesar\u0103 pentru \u00eembun\u0103t\u0103\u021birea serviciilor BELLA FARFALLINA SRL (prelucrarea datelor statistice \u0219i a datelor care nu pot permit identificarea persoanei), precum \u0219i protejarea intereselor BELLA FARFALLINA SRL.<\/p>\n\n<p>Consim\u021b\u0103m\u00e2nt &#8211; acordul:\u00a0 CLIENTUL este invitat s\u0103-\u0219i dea consim\u021b\u0103m\u00e2ntul expres pentru urm\u0103toarele scopuri de prelucrare: expedierea informa\u021biilor, expedierea mesajelor promo\u021bionale \u0219i, \u00een mod expres, pentru prelucrarea prin mijloace automatizate \u015fi analiza comportamentului consumatorului (profilare).<\/p>\n\n<p>Dac\u0103 clientul a acceptat s\u0103 primeasc\u0103 comunic\u0103ri comerciale \u0219i mesaje promo\u021bionale, BELLA FARFALLINA SRL \u00ee\u0219i rezerv\u0103 dreptul de a \u00eel informa \u00een mod regulat prin intermediul conversa\u021biei telefonice, po\u0219tei, po\u0219tei electronice, a mesajului prin telefonia mobil\u0103 (SMS) sau orice alt mijloc adecvat. Aceast\u0103 comunicare comercial\u0103 se va realiza at\u00e2t pentru produsele BELLA FARFALLINA SRL, c\u00e2t \u0219i pentru activit\u0103\u021bile de promovare ale companiei BELLA FARFALLINA SRL, precum \u0219i ale companiilor afiliate \u0219i ale ter\u021belor p\u0103r\u021bi. Informarea poate s\u0103 includ\u0103 detalii despre produsele sau\/\u0219i oferte, concursuri, precum \u0219i alte campanii promo\u021bionale. \u00cen orice caz, clientul \u00ee\u0219i rezerv\u0103 dreptul de selec\u021bie a acestora prin mijloacele puse la dispozi\u021bie prin intermediul paginei\u00a0ccm boutique<\/p>\n\n<p>De asemenea, dac\u0103 clientul nu mai dore\u0219te s\u0103 primeasc\u0103 materiale promo\u021bionale \u0219i informative, poate s\u0103 \u00ee\u0219i retrag\u0103 consim\u021b\u0103m\u00e2ntul cu u\u0219urin\u021b\u0103 \u0219i \u00een mod simplu:<\/p>\n\n<ul>\n<li>Expedind o solicitare scris\u0103 c\u0103tre\u00a0BELLA FARFALLINA SRL, la adresa <a>BUCURESTI SEC 4, BD METALURGIEI NR 132 BIROU 1 BL B1A SC1 AP 4<\/a><\/li>\n\n<li>Prin intermediul email\u00a0po\u0219tei electronice\u00a0<a>office@ccmboutique.ro <\/a>men\u021bion\u00e2nd numele<\/li>\n<\/ul>\n\n<p>3.2 <strong>Metode de plata:<br \/><\/strong>Cumparatorul are la dispozitie urmatoarele metode de plata:<br \/>&#8211; plata online cu cardul<br \/>&#8211; transfer bancar in baza facturii proforme<br \/><br \/><\/p>\n\n<p>Plata online cu cardul:<br \/>Se poate plati online cu cardul avand sigla Visa sau Mastercard in conditiile prevazute de procesatorul online de plati.<br \/>Tranzactia se efectueaza prin Revolut Pay integral sau in rate prin TBI Bank.<\/p>\n\n<p>Transfer bancar in baza facturii proforme:<br \/>Plata prin transfer bancar se face in baza facturii proforme catre:<br \/>BELLA FARFALLINA SRL CUI 38597993<br \/>Cont: RO44INGB0000999911456304<br \/>Banca: ING Bank Romania<br \/>Detalii plata: numarul facturii proforme<br \/>Dupa efectuarea platii, trimiteti confirmarea acesteia pe comenzi@ccmboutique.co<\/p>\n\n<p><strong>Livrarea comenzilor<\/strong><br \/>Livrarea comenzilor pe teritoriul Romaniei\u00a0 se face prin firma de curierat Sameday in termen de 2-3 zile de la achitarea produsului\u00a0<br \/>Taxa de transport unica 30.10 lei.<\/p>\n\t\t\t\t\t\t<\/div>\n\t\t\t\t<\/div>\n\t\t\t\t\t<\/div>\n\t\t<\/div>\n\t\t\t\t\t\t\t<\/div>\n\t\t<\/section>\n\t\t\t\t\t\t\t<\/div>\n\t\t","protected":false},"excerpt":{"rendered":"<p>TERMENI SI CONDITII Sunt de acord \u0219i accept c\u0103 societatea BELLA FARFALLINA SRL (cu sediul \u00een BUCURESTI SEC&hellip;<\/p>\n","protected":false},"author":1,"featured_media":0,"parent":0,"menu_order":0,"comment_status":"closed","ping_status":"closed","template":"","meta":{"footnotes":""},"class_list":["post-7937","page","type-page","status-publish","hentry"],"acf":[],"_links":{"self":[{"href":"https:\/\/www.ccmboutique.ro\/ro\/wp-json\/wp\/v2\/pages\/7937","targetHints":{"allow":["GET"]}}],"collection":[{"href":"https:\/\/www.ccmboutique.ro\/ro\/wp-json\/wp\/v2\/pages"}],"about":[{"href":"https:\/\/www.ccmboutique.ro\/ro\/wp-json\/wp\/v2\/types\/page"}],"author":[{"embeddable":true,"href":"https:\/\/www.ccmboutique.ro\/ro\/wp-json\/wp\/v2\/users\/1"}],"replies":[{"embeddable":true,"href":"https:\/\/www.ccmboutique.ro\/ro\/wp-json\/wp\/v2\/comments?post=7937"}],"version-history":[{"count":5,"href":"https:\/\/www.ccmboutique.ro\/ro\/wp-json\/wp\/v2\/pages\/7937\/revisions"}],"predecessor-version":[{"id":5542499,"href":"https:\/\/www.ccmboutique.ro\/ro\/wp-json\/wp\/v2\/pages\/7937\/revisions\/5542499"}],"wp:attachment":[{"href":"https:\/\/www.ccmboutique.ro\/ro\/wp-json\/wp\/v2\/media?parent=7937"}],"curies":[{"name":"wp","href":"https:\/\/api.w.org\/{rel}","templated":true}]}}